{"id":637,"date":"2023-03-27T12:03:51","date_gmt":"2023-03-27T12:03:51","guid":{"rendered":"https:\/\/www.dahlert.com\/pourquoi-dahlert\/"},"modified":"2023-05-03T06:50:12","modified_gmt":"2023-05-03T06:50:12","slug":"pourquoi-dahlert","status":"publish","type":"page","link":"https:\/\/www.dahlert.com\/fr\/pourquoi-dahlert\/","title":{"rendered":"Pourquoi Dahlert"},"content":{"rendered":"","protected":false},"excerpt":{"rendered":"","protected":false},"author":1,"featured_media":0,"parent":0,"menu_order":0,"comment_status":"closed","ping_status":"closed","template":"templates\/template--about.php","meta":{"footnotes":""},"class_list":["post-637","page","type-page","status-publish","hentry"],"yoast_head":"<!-- This site is optimized with the Yoast SEO plugin v20.2.1 - https:\/\/yoast.com\/wordpress\/plugins\/seo\/ -->\n<title>Pourquoi Dahlert - Dahlert<\/title>\n<meta name=\"description\" content=\"Nous croyons en la cr\u00e9ation d&#039;environnements qui facilitent la s\u00e9curit\u00e9 de ceux que vous aimez le plus. C&#039;est pourquoi nous avons cr\u00e9\u00e9 Dahlert.\" \/>\n<meta name=\"robots\" content=\"index, follow, max-snippet:-1, max-image-preview:large, max-video-preview:-1\" \/>\n<link rel=\"canonical\" href=\"https:\/\/www.dahlert.com\/fr\/pourquoi-dahlert\/\" \/>\n<meta property=\"og:locale\" content=\"fr_FR\" \/>\n<meta property=\"og:type\" content=\"article\" \/>\n<meta property=\"og:title\" content=\"Pourquoi Dahlert - Dahlert\" \/>\n<meta property=\"og:description\" content=\"Nous croyons en la cr\u00e9ation d&#039;environnements qui facilitent la s\u00e9curit\u00e9 de ceux que vous aimez le plus. C&#039;est pourquoi nous avons cr\u00e9\u00e9 Dahlert.\" \/>\n<meta property=\"og:url\" content=\"https:\/\/www.dahlert.com\/fr\/pourquoi-dahlert\/\" \/>\n<meta property=\"og:site_name\" content=\"Dahlert\" \/>\n<meta property=\"article:modified_time\" content=\"2023-05-03T06:50:12+00:00\" \/>\n<meta name=\"twitter:card\" content=\"summary_large_image\" \/>\n<script type=\"application\/ld+json\" class=\"yoast-schema-graph\">{\"@context\":\"https:\/\/schema.org\",\"@graph\":[{\"@type\":\"WebPage\",\"@id\":\"https:\/\/www.dahlert.com\/fr\/pourquoi-dahlert\/\",\"url\":\"https:\/\/www.dahlert.com\/fr\/pourquoi-dahlert\/\",\"name\":\"Pourquoi Dahlert - Dahlert\",\"isPartOf\":{\"@id\":\"https:\/\/www.dahlert.com\/fr\/#website\"},\"datePublished\":\"2023-03-27T12:03:51+00:00\",\"dateModified\":\"2023-05-03T06:50:12+00:00\",\"description\":\"Nous croyons en la cr\u00e9ation d'environnements qui facilitent la s\u00e9curit\u00e9 de ceux que vous aimez le plus. C'est pourquoi nous avons cr\u00e9\u00e9 Dahlert.\",\"breadcrumb\":{\"@id\":\"https:\/\/www.dahlert.com\/fr\/pourquoi-dahlert\/#breadcrumb\"},\"inLanguage\":\"fr-FR\",\"potentialAction\":[{\"@type\":\"ReadAction\",\"target\":[\"https:\/\/www.dahlert.com\/fr\/pourquoi-dahlert\/\"]}]},{\"@type\":\"BreadcrumbList\",\"@id\":\"https:\/\/www.dahlert.com\/fr\/pourquoi-dahlert\/#breadcrumb\",\"itemListElement\":[{\"@type\":\"ListItem\",\"position\":1,\"name\":\"Home\",\"item\":\"https:\/\/www.dahlert.com\/fr\/\"},{\"@type\":\"ListItem\",\"position\":2,\"name\":\"Pourquoi Dahlert\"}]},{\"@type\":\"WebSite\",\"@id\":\"https:\/\/www.dahlert.com\/fr\/#website\",\"url\":\"https:\/\/www.dahlert.com\/fr\/\",\"name\":\"Dahlert\",\"description\":\"Brings healthy lifestyle to you\",\"potentialAction\":[{\"@type\":\"SearchAction\",\"target\":{\"@type\":\"EntryPoint\",\"urlTemplate\":\"https:\/\/www.dahlert.com\/fr\/?s={search_term_string}\"},\"query-input\":\"required name=search_term_string\"}],\"inLanguage\":\"fr-FR\"}]}<\/script>\n<!-- \/ Yoast SEO plugin. -->","yoast_head_json":{"title":"Pourquoi Dahlert - Dahlert","description":"Nous croyons en la cr\u00e9ation d'environnements qui facilitent la s\u00e9curit\u00e9 de ceux que vous aimez le plus. C'est pourquoi nous avons cr\u00e9\u00e9 Dahlert.","robots":{"index":"index","follow":"follow","max-snippet":"max-snippet:-1","max-image-preview":"max-image-preview:large","max-video-preview":"max-video-preview:-1"},"canonical":"https:\/\/www.dahlert.com\/fr\/pourquoi-dahlert\/","og_locale":"fr_FR","og_type":"article","og_title":"Pourquoi Dahlert - Dahlert","og_description":"Nous croyons en la cr\u00e9ation d'environnements qui facilitent la s\u00e9curit\u00e9 de ceux que vous aimez le plus. C'est pourquoi nous avons cr\u00e9\u00e9 Dahlert.","og_url":"https:\/\/www.dahlert.com\/fr\/pourquoi-dahlert\/","og_site_name":"Dahlert","article_modified_time":"2023-05-03T06:50:12+00:00","twitter_card":"summary_large_image","schema":{"@context":"https:\/\/schema.org","@graph":[{"@type":"WebPage","@id":"https:\/\/www.dahlert.com\/fr\/pourquoi-dahlert\/","url":"https:\/\/www.dahlert.com\/fr\/pourquoi-dahlert\/","name":"Pourquoi Dahlert - Dahlert","isPartOf":{"@id":"https:\/\/www.dahlert.com\/fr\/#website"},"datePublished":"2023-03-27T12:03:51+00:00","dateModified":"2023-05-03T06:50:12+00:00","description":"Nous croyons en la cr\u00e9ation d'environnements qui facilitent la s\u00e9curit\u00e9 de ceux que vous aimez le plus. C'est pourquoi nous avons cr\u00e9\u00e9 Dahlert.","breadcrumb":{"@id":"https:\/\/www.dahlert.com\/fr\/pourquoi-dahlert\/#breadcrumb"},"inLanguage":"fr-FR","potentialAction":[{"@type":"ReadAction","target":["https:\/\/www.dahlert.com\/fr\/pourquoi-dahlert\/"]}]},{"@type":"BreadcrumbList","@id":"https:\/\/www.dahlert.com\/fr\/pourquoi-dahlert\/#breadcrumb","itemListElement":[{"@type":"ListItem","position":1,"name":"Home","item":"https:\/\/www.dahlert.com\/fr\/"},{"@type":"ListItem","position":2,"name":"Pourquoi Dahlert"}]},{"@type":"WebSite","@id":"https:\/\/www.dahlert.com\/fr\/#website","url":"https:\/\/www.dahlert.com\/fr\/","name":"Dahlert","description":"Brings healthy lifestyle to you","potentialAction":[{"@type":"SearchAction","target":{"@type":"EntryPoint","urlTemplate":"https:\/\/www.dahlert.com\/fr\/?s={search_term_string}"},"query-input":"required name=search_term_string"}],"inLanguage":"fr-FR"}]}},"_links":{"self":[{"href":"https:\/\/www.dahlert.com\/fr\/wp-json\/wp\/v2\/pages\/637","targetHints":{"allow":["GET"]}}],"collection":[{"href":"https:\/\/www.dahlert.com\/fr\/wp-json\/wp\/v2\/pages"}],"about":[{"href":"https:\/\/www.dahlert.com\/fr\/wp-json\/wp\/v2\/types\/page"}],"author":[{"embeddable":true,"href":"https:\/\/www.dahlert.com\/fr\/wp-json\/wp\/v2\/users\/1"}],"replies":[{"embeddable":true,"href":"https:\/\/www.dahlert.com\/fr\/wp-json\/wp\/v2\/comments?post=637"}],"version-history":[{"count":1,"href":"https:\/\/www.dahlert.com\/fr\/wp-json\/wp\/v2\/pages\/637\/revisions"}],"predecessor-version":[{"id":644,"href":"https:\/\/www.dahlert.com\/fr\/wp-json\/wp\/v2\/pages\/637\/revisions\/644"}],"wp:attachment":[{"href":"https:\/\/www.dahlert.com\/fr\/wp-json\/wp\/v2\/media?parent=637"}],"curies":[{"name":"wp","href":"https:\/\/api.w.org\/{rel}","templated":true}]}}